{"id":734,"date":"2026-01-16T04:26:24","date_gmt":"2026-01-16T04:26:24","guid":{"rendered":"https:\/\/gencellbiotechnology.com\/?page_id=734"},"modified":"2026-03-06T03:02:49","modified_gmt":"2026-03-06T09:02:49","slug":"productos","status":"publish","type":"page","link":"https:\/\/gencellbiotechnology.com\/en\/productos\/","title":{"rendered":"Products"},"content":{"rendered":"<div data-elementor-type=\"wp-page\" data-elementor-id=\"734\" class=\"elementor elementor-734\" data-elementor-post-type=\"page\">\n\t\t\t\t\t\t<section class=\"elementor-section elementor-top-section elementor-element elementor-element-6782b6d pbmit-bg-color-yes pbmit-elementor-bg-color-white elementor-section-stretched pbmit-col-stretched-none pbmit-bg-color-over-image elementor-section-boxed elementor-section-height-default elementor-section-height-default\" data-id=\"6782b6d\" data-element_type=\"section\" data-e-type=\"section\" data-settings=\"{&quot;stretch_section&quot;:&quot;section-stretched&quot;,&quot;ekit_has_onepagescroll_dot&quot;:&quot;yes&quot;}\">\n\t\t\t\t\t\t<div class=\"elementor-container elementor-column-gap-no\">\n\t\t\t\t\t<div class=\"elementor-column elementor-col-100 elementor-top-column elementor-element elementor-element-2d40ae1 pbmit-bg-color-over-image\" data-id=\"2d40ae1\" data-element_type=\"column\" data-e-type=\"column\">\n\t\t\t<div class=\"elementor-widget-wrap elementor-element-populated\">\n\t\t\t\t\t\t<div class=\"elementor-element elementor-element-62cbfc5 justificado-premium elementor-widget elementor-widget-pbmit_heading\" data-id=\"62cbfc5\" data-element_type=\"widget\" data-e-type=\"widget\" data-settings=\"{&quot;ekit_we_effect_on&quot;:&quot;none&quot;}\" data-widget_type=\"pbmit_heading.default\">\n\t\t\t\t<div class=\"elementor-widget-container\">\n\t\t\t\t\t <div class=\"pbmit-heading-subheading pbmit-heading-subheading-style-1 pbmit-reverse-heading-yes animation-style1\"><h4 class=\"pbmit-element-subtitle\"><span>\r\n\t\t\t\t<\/span>\r\n\t\t\t\t\r\n\t\t\t\t\tScientific Excellence\r\n\t\t\t\t\r\n\t\t\t\t<\/h4>\r\n\t\t\t<h2 class=\"pbmit-element-title\">\r\n\t\t\t\t\r\n\t\t\t\t\tOur Products\r\n\t\t\t\t\r\n\t\t\t\t<\/h2>\r\n\t\t\t<\/div>\t\t\t\t<\/div>\n\t\t\t\t<\/div>\n\t\t\t\t\t<\/div>\n\t\t<\/div>\n\t\t\t\t\t<\/div>\n\t\t<\/section>\n\t\t\t\t<section data-ekit-particles-enable=\"yes\" class=\"ekit-particles elementor-section elementor-top-section elementor-element elementor-element-9ae860c pbmit-col-stretched-none pbmit-bg-color-over-image elementor-section-boxed elementor-section-height-default elementor-section-height-default\" data-ekit-particles=\"{&quot;particles&quot;:{&quot;number&quot;:{&quot;value&quot;:80,&quot;density&quot;:{&quot;enable&quot;:true,&quot;value_area&quot;:800}},&quot;color&quot;:{&quot;value&quot;:&quot;#0062b0&quot;},&quot;shape&quot;:{&quot;type&quot;:&quot;circle&quot;,&quot;stroke&quot;:{&quot;width&quot;:5,&quot;color&quot;:&quot;#0062b0&quot;},&quot;polygon&quot;:{&quot;nb_sides&quot;:5},&quot;image&quot;:{&quot;src&quot;:&quot;img\/github.svg&quot;,&quot;width&quot;:100,&quot;height&quot;:100}},&quot;opacity&quot;:{&quot;value&quot;:0.5,&quot;random&quot;:false,&quot;anim&quot;:{&quot;enable&quot;:false,&quot;speed&quot;:1,&quot;opacity_min&quot;:0.1,&quot;sync&quot;:false}},&quot;size&quot;:{&quot;value&quot;:3,&quot;random&quot;:true,&quot;anim&quot;:{&quot;enable&quot;:false,&quot;speed&quot;:40,&quot;size_min&quot;:0.1,&quot;sync&quot;:false}},&quot;line_linked&quot;:{&quot;enable&quot;:true,&quot;distance&quot;:150,&quot;color&quot;:&quot;#0062b0&quot;,&quot;opacity&quot;:0.4,&quot;width&quot;:1},&quot;move&quot;:{&quot;enable&quot;:true,&quot;speed&quot;:6,&quot;direction&quot;:&quot;none&quot;,&quot;random&quot;:false,&quot;straight&quot;:false,&quot;out_mode&quot;:&quot;out&quot;,&quot;bounce&quot;:false,&quot;attract&quot;:{&quot;enable&quot;:false,&quot;rotateX&quot;:600,&quot;rotateY&quot;:1200}}},&quot;interactivity&quot;:{&quot;detect_on&quot;:&quot;canvas&quot;,&quot;events&quot;:{&quot;onhover&quot;:{&quot;enable&quot;:true,&quot;mode&quot;:&quot;repulse&quot;},&quot;onclick&quot;:{&quot;enable&quot;:true,&quot;mode&quot;:&quot;push&quot;},&quot;resize&quot;:true},&quot;modes&quot;:{&quot;grab&quot;:{&quot;distance&quot;:400,&quot;line_linked&quot;:{&quot;opacity&quot;:1}},&quot;bubble&quot;:{&quot;distance&quot;:400,&quot;size&quot;:40,&quot;duration&quot;:2,&quot;opacity&quot;:8,&quot;speed&quot;:3},&quot;repulse&quot;:{&quot;distance&quot;:200,&quot;duration&quot;:0.4},&quot;push&quot;:{&quot;particles_nb&quot;:4},&quot;remove&quot;:{&quot;particles_nb&quot;:2}}},&quot;retina_detect&quot;:true}\" data-ekit-particles-type=\"json\" data-id=\"9ae860c\" data-element_type=\"section\" data-e-type=\"section\" data-settings=\"{&quot;ekit_has_onepagescroll_dot&quot;:&quot;yes&quot;}\">\n\t\t\t\t\t\t<div class=\"elementor-container elementor-column-gap-default\">\n\t\t\t\t\t<div class=\"elementor-column elementor-col-100 elementor-top-column elementor-element elementor-element-c4f7cab ekit-liquid-glass-preset1 pbmit-bg-color-over-image ekit-liquid-glass-shadow1\" data-id=\"c4f7cab\" data-element_type=\"column\" data-e-type=\"column\" data-settings=\"{&quot;background_background&quot;:&quot;classic&quot;}\">\n\t\t\t<div class=\"elementor-widget-wrap elementor-element-populated\">\n\t\t\t\t\t\t<div class=\"elementor-element elementor-element-6589548 elementor-widget elementor-widget-pbmit_static_box_element\" data-id=\"6589548\" data-element_type=\"widget\" data-e-type=\"widget\" data-settings=\"{&quot;ekit_we_effect_on&quot;:&quot;none&quot;}\" data-widget_type=\"pbmit_static_box_element.default\">\n\t\t\t\t<div class=\"elementor-widget-container\">\n\t\t\t\t\t\r\n\t\t\r\n\t\t\t<div class=\"pbminfotech-element\t\t\t\tpbminfotech-element-static-box\t\t\t\tpbmit-element-static-box-style-3\t\t\t\tpbmit-element-viewtype-row-column\t\t\t\tpbmit-element-column-four\t\t\t\tpbmit-element-sticky-carousel-false\t\t\t\tpbmit-element-caroursel-dot-false\t\t\t\tpbmit-infinite-scroll-no\t\t\t\tpbmit-infinite-scroll-button-no\"\r\n\r\n\t\t\t\tdata-cpt=\"static-box\"\r\n\t\t\t\tdata-totalpagination=\"1\"\r\n\t\t\t\tdata-style=\"3\"\r\n\t\t\t\tdata-show=\"3\"\r\n\t\t\t\tdata-columns=\"4\"\r\n\t\t\t\tdata-loop=\"false\"\r\n\t\t\t\tdata-autoplay=\"false\"\r\n\t\t\t\tdata-center=\"false\"\r\n\t\t\t\tdata-nav=\"false\"\r\n\t\t\t\tdata-dots=\"false\"\r\n\t\t\t\tdata-reverse=\"false\"\r\n\t\t\t\tdata-speed=\"1000\"\r\n\t\t\t\tdata-marquee-speed=\"12000\"\r\n\t\t\t\tdata-delay=\"4000\"\r\n\t\t\t\tdata-margin=\"\"\r\n\t\t\t\tdata-show-portion=\"false\">\r\n\r\n\t\t\t\t<div class=\"pbmit-element-inner\">\r\n\t\t\t\r\n\r\n\t\t\t\t\t<div class=\"pbmit-ele-header-area\">\r\n\t\t\t <div class=\"pbmit-heading-subheading pbmit-heading-subheading-style-1  animation-style4\"><\/div>\t\t<\/div>\r\n\r\n\t\t<div class=\"pbmit-element-posts-wrapper  row multi-columns-row\">\r\n\t\t\t\t<article class=\"pbmit-ele pbmit-ele-static-box pbmit-static-box-style-3 col-md-6 col-lg-3\"><div class=\"pbminfotech-post-item\">\r\n\t<div class=\"pbmit-img-wrapper\">\r\n\t\t<img decoding=\"async\" src=\"http:\/\/gencellbiotechnology.com\/wp-content\/uploads\/2026\/01\/Diseno-sin-titulo-28-1.png\" alt=\"Exocell\" \/>\t\t<div class=\"pbmit-title-wrapper\">\r\n\t\t\t<div class=\"pbmit-title-inner\">\r\n\t\t\t\t\t\t\t\t<div class=\"pbminfotech-box-title\"><h4>Exocell<\/h4><\/div>\t\t\t<\/div>\r\n\t\t<\/div>\r\n\t<\/div>\r\n\t\t\t<div class=\"pbmit-btn\"><a href=\"https:\/\/gencellbiotechnology.com\/en\/productos\/exocell\/\"><span class=\"pbmit-button-text\">More Information<\/span><span class=\"pbmit-button-icon-wrapper\"><span class=\"pbmit-button-icon\"><i class=\"pbmit-base-icon-black-arrow-1\"><\/i><\/span><\/span><\/a><\/div><\/div><\/article><article class=\"pbmit-ele pbmit-ele-static-box pbmit-static-box-style-3 col-md-6 col-lg-3\"><div class=\"pbminfotech-post-item\">\r\n\t<div class=\"pbmit-img-wrapper\">\r\n\t\t<img decoding=\"async\" src=\"http:\/\/gencellbiotechnology.com\/wp-content\/uploads\/2026\/01\/musecells.png\" alt=\"Muse Cell\" \/>\t\t<div class=\"pbmit-title-wrapper\">\r\n\t\t\t<div class=\"pbmit-title-inner\">\r\n\t\t\t\t\t\t\t\t<div class=\"pbminfotech-box-title\"><h4>Muse Cell<\/h4><\/div>\t\t\t<\/div>\r\n\t\t<\/div>\r\n\t<\/div>\r\n\t\t\t<div class=\"pbmit-btn\"><a href=\"https:\/\/gencellbiotechnology.com\/en\/productos\/muse-cells\/\"><span class=\"pbmit-button-text\">More Information<\/span><span class=\"pbmit-button-icon-wrapper\"><span class=\"pbmit-button-icon\"><i class=\"pbmit-base-icon-black-arrow-1\"><\/i><\/span><\/span><\/a><\/div><\/div><\/article><article class=\"pbmit-ele pbmit-ele-static-box pbmit-static-box-style-3 col-md-6 col-lg-3\"><div class=\"pbminfotech-post-item\">\r\n\t<div class=\"pbmit-img-wrapper\">\r\n\t\t<img decoding=\"async\" src=\"http:\/\/gencellbiotechnology.com\/wp-content\/uploads\/2026\/02\/yac-11.png\" alt=\"Chondromatrix\" \/>\t\t<div class=\"pbmit-title-wrapper\">\r\n\t\t\t<div class=\"pbmit-title-inner\">\r\n\t\t\t\t\t\t\t\t<div class=\"pbminfotech-box-title\"><h4>Chondromatrix<\/h4><\/div>\t\t\t<\/div>\r\n\t\t<\/div>\r\n\t<\/div>\r\n\t\t\t<div class=\"pbmit-btn\"><a href=\"https:\/\/gencellbiotechnology.com\/en\/productos\/chondromatrix\/\"><span class=\"pbmit-button-text\">More Information<\/span><span class=\"pbmit-button-icon-wrapper\"><span class=\"pbmit-button-icon\"><i class=\"pbmit-base-icon-black-arrow-1\"><\/i><\/span><\/span><\/a><\/div><\/div><\/article><article class=\"pbmit-ele pbmit-ele-static-box pbmit-static-box-style-3 col-md-6 col-lg-3\"><div class=\"pbminfotech-post-item\">\r\n\t<div class=\"pbmit-img-wrapper\">\r\n\t\t<img decoding=\"async\" src=\"http:\/\/gencellbiotechnology.com\/wp-content\/uploads\/2026\/01\/Diseno-sin-titulo-15.png\" alt=\"CTM ACE 2+\" \/>\t\t<div class=\"pbmit-title-wrapper\">\r\n\t\t\t<div class=\"pbmit-title-inner\">\r\n\t\t\t\t\t\t\t\t<div class=\"pbminfotech-box-title\"><h4>CTM ACE 2+<\/h4><\/div>\t\t\t<\/div>\r\n\t\t<\/div>\r\n\t<\/div>\r\n\t\t\t<div class=\"pbmit-btn\"><a href=\"https:\/\/gencellbiotechnology.com\/en\/productos\/ctm-ace2\/\"><span class=\"pbmit-button-text\">More Information<\/span><span class=\"pbmit-button-icon-wrapper\"><span class=\"pbmit-button-icon\"><i class=\"pbmit-base-icon-black-arrow-1\"><\/i><\/span><\/span><\/a><\/div><\/div><\/article><article class=\"pbmit-ele pbmit-ele-static-box pbmit-static-box-style-3 col-md-6 col-lg-3\"><div class=\"pbminfotech-post-item\">\r\n\t<div class=\"pbmit-img-wrapper\">\r\n\t\t<img decoding=\"async\" src=\"http:\/\/gencellbiotechnology.com\/wp-content\/uploads\/2026\/02\/yac-7.png\" alt=\"CTM Proca\u00edna\" \/>\t\t<div class=\"pbmit-title-wrapper\">\r\n\t\t\t<div class=\"pbmit-title-inner\">\r\n\t\t\t\t\t\t\t\t<div class=\"pbminfotech-box-title\"><h4>CTM Procaine<\/h4><\/div>\t\t\t<\/div>\r\n\t\t<\/div>\r\n\t<\/div>\r\n\t\t\t<div class=\"pbmit-btn\"><a href=\"https:\/\/gencellbiotechnology.com\/en\/productos\/ctm-procaina\/\"><span class=\"pbmit-button-text\">More Information<\/span><span class=\"pbmit-button-icon-wrapper\"><span class=\"pbmit-button-icon\"><i class=\"pbmit-base-icon-black-arrow-1\"><\/i><\/span><\/span><\/a><\/div><\/div><\/article><article class=\"pbmit-ele pbmit-ele-static-box pbmit-static-box-style-3 col-md-6 col-lg-3\"><div class=\"pbminfotech-post-item\">\r\n\t<div class=\"pbmit-img-wrapper\">\r\n\t\t<img decoding=\"async\" src=\"http:\/\/gencellbiotechnology.com\/wp-content\/uploads\/2026\/01\/Diseno-sin-titulo-16.png\" alt=\"CTM Nativas\" \/>\t\t<div class=\"pbmit-title-wrapper\">\r\n\t\t\t<div class=\"pbmit-title-inner\">\r\n\t\t\t\t\t\t\t\t<div class=\"pbminfotech-box-title\"><h4>CTM Native<\/h4><\/div>\t\t\t<\/div>\r\n\t\t<\/div>\r\n\t<\/div>\r\n\t\t\t<div class=\"pbmit-btn\"><a href=\"https:\/\/gencellbiotechnology.com\/en\/productos\/ctm-nativas\/\"><span class=\"pbmit-button-text\">More Information<\/span><span class=\"pbmit-button-icon-wrapper\"><span class=\"pbmit-button-icon\"><i class=\"pbmit-base-icon-black-arrow-1\"><\/i><\/span><\/span><\/a><\/div><\/div><\/article><article class=\"pbmit-ele pbmit-ele-static-box pbmit-static-box-style-3 col-md-6 col-lg-3\"><div class=\"pbminfotech-post-item\">\r\n\t<div class=\"pbmit-img-wrapper\">\r\n\t\t<img decoding=\"async\" src=\"http:\/\/gencellbiotechnology.com\/wp-content\/uploads\/2026\/01\/Diseno-sin-titulo-17.png\" alt=\"CTM Estabilizador Renal\" \/>\t\t<div class=\"pbmit-title-wrapper\">\r\n\t\t\t<div class=\"pbmit-title-inner\">\r\n\t\t\t\t\t\t\t\t<div class=\"pbminfotech-box-title\"><h4>CTM Renal Stabilizer<\/h4><\/div>\t\t\t<\/div>\r\n\t\t<\/div>\r\n\t<\/div>\r\n\t\t\t<div class=\"pbmit-btn\"><a href=\"https:\/\/gencellbiotechnology.com\/en\/productos\/ctm-estabilizador-renal\/\"><span class=\"pbmit-button-text\">More Information<\/span><span class=\"pbmit-button-icon-wrapper\"><span class=\"pbmit-button-icon\"><i class=\"pbmit-base-icon-black-arrow-1\"><\/i><\/span><\/span><\/a><\/div><\/div><\/article><article class=\"pbmit-ele pbmit-ele-static-box pbmit-static-box-style-3 col-md-6 col-lg-3\"><div class=\"pbminfotech-post-item\">\r\n\t<div class=\"pbmit-img-wrapper\">\r\n\t\t<img decoding=\"async\" src=\"http:\/\/gencellbiotechnology.com\/wp-content\/uploads\/2026\/01\/Diseno-sin-titulo-18.png\" alt=\"CTM Metab\u00f3licas\" \/>\t\t<div class=\"pbmit-title-wrapper\">\r\n\t\t\t<div class=\"pbmit-title-inner\">\r\n\t\t\t\t\t\t\t\t<div class=\"pbminfotech-box-title\"><h4>CTM Metabolic<\/h4><\/div>\t\t\t<\/div>\r\n\t\t<\/div>\r\n\t<\/div>\r\n\t\t\t<div class=\"pbmit-btn\"><a href=\"https:\/\/gencellbiotechnology.com\/en\/productos\/ctm-metabolicas\/\"><span class=\"pbmit-button-text\">More Information<\/span><span class=\"pbmit-button-icon-wrapper\"><span class=\"pbmit-button-icon\"><i class=\"pbmit-base-icon-black-arrow-1\"><\/i><\/span><\/span><\/a><\/div><\/div><\/article><article class=\"pbmit-ele pbmit-ele-static-box pbmit-static-box-style-3 col-md-6 col-lg-3\"><div class=\"pbminfotech-post-item\">\r\n\t<div class=\"pbmit-img-wrapper\">\r\n\t\t<img decoding=\"async\" src=\"http:\/\/gencellbiotechnology.com\/wp-content\/uploads\/2026\/01\/Diseno-sin-titulo-19.png\" alt=\"CTM Metformina\" \/>\t\t<div class=\"pbmit-title-wrapper\">\r\n\t\t\t<div class=\"pbmit-title-inner\">\r\n\t\t\t\t\t\t\t\t<div class=\"pbminfotech-box-title\"><h4>CTM Metformin<\/h4><\/div>\t\t\t<\/div>\r\n\t\t<\/div>\r\n\t<\/div>\r\n\t\t\t<div class=\"pbmit-btn\"><a href=\"https:\/\/gencellbiotechnology.com\/en\/productos\/ctm-metformina\/\"><span class=\"pbmit-button-text\">More Information<\/span><span class=\"pbmit-button-icon-wrapper\"><span class=\"pbmit-button-icon\"><i class=\"pbmit-base-icon-black-arrow-1\"><\/i><\/span><\/span><\/a><\/div><\/div><\/article><article class=\"pbmit-ele pbmit-ele-static-box pbmit-static-box-style-3 col-md-6 col-lg-3\"><div class=\"pbminfotech-post-item\">\r\n\t<div class=\"pbmit-img-wrapper\">\r\n\t\t<img decoding=\"async\" src=\"http:\/\/gencellbiotechnology.com\/wp-content\/uploads\/2026\/01\/Diseno-sin-titulo-19.png\" alt=\"CTM Metformina IA\" \/>\t\t<div class=\"pbmit-title-wrapper\">\r\n\t\t\t<div class=\"pbmit-title-inner\">\r\n\t\t\t\t\t\t\t\t<div class=\"pbminfotech-box-title\"><h4>CTM Metformin IA<\/h4><\/div>\t\t\t<\/div>\r\n\t\t<\/div>\r\n\t<\/div>\r\n\t\t\t<div class=\"pbmit-btn\"><a href=\"https:\/\/gencellbiotechnology.com\/en\/productos\/ctm-metformina-ia\/\"><span class=\"pbmit-button-text\">More Information<\/span><span class=\"pbmit-button-icon-wrapper\"><span class=\"pbmit-button-icon\"><i class=\"pbmit-base-icon-black-arrow-1\"><\/i><\/span><\/span><\/a><\/div><\/div><\/article><article class=\"pbmit-ele pbmit-ele-static-box pbmit-static-box-style-3 col-md-6 col-lg-3\"><div class=\"pbminfotech-post-item\">\r\n\t<div class=\"pbmit-img-wrapper\">\r\n\t\t<img decoding=\"async\" src=\"http:\/\/gencellbiotechnology.com\/wp-content\/uploads\/2026\/01\/Diseno-sin-titulo-20.png\" alt=\"CTM Neuromoduladoras\" \/>\t\t<div class=\"pbmit-title-wrapper\">\r\n\t\t\t<div class=\"pbmit-title-inner\">\r\n\t\t\t\t\t\t\t\t<div class=\"pbminfotech-box-title\"><h4>CTM Neuromodulatory<\/h4><\/div>\t\t\t<\/div>\r\n\t\t<\/div>\r\n\t<\/div>\r\n\t\t\t<div class=\"pbmit-btn\"><a href=\"https:\/\/gencellbiotechnology.com\/en\/productos\/ctm-neuromoduladoras\/\"><span class=\"pbmit-button-text\">More Information<\/span><span class=\"pbmit-button-icon-wrapper\"><span class=\"pbmit-button-icon\"><i class=\"pbmit-base-icon-black-arrow-1\"><\/i><\/span><\/span><\/a><\/div><\/div><\/article><article class=\"pbmit-ele pbmit-ele-static-box pbmit-static-box-style-3 col-md-6 col-lg-3\"><div class=\"pbminfotech-post-item\">\r\n\t<div class=\"pbmit-img-wrapper\">\r\n\t\t<img decoding=\"async\" src=\"http:\/\/gencellbiotechnology.com\/wp-content\/uploads\/2026\/01\/Diseno-sin-titulo-21.png\" alt=\"CTM Inmunoboost\" \/>\t\t<div class=\"pbmit-title-wrapper\">\r\n\t\t\t<div class=\"pbmit-title-inner\">\r\n\t\t\t\t\t\t\t\t<div class=\"pbminfotech-box-title\"><h4>CTM Inmunoboost<\/h4><\/div>\t\t\t<\/div>\r\n\t\t<\/div>\r\n\t<\/div>\r\n\t\t\t<div class=\"pbmit-btn\"><a href=\"https:\/\/gencellbiotechnology.com\/en\/productos\/ctm-inmunoboost\/\"><span class=\"pbmit-button-text\">More Information<\/span><span class=\"pbmit-button-icon-wrapper\"><span class=\"pbmit-button-icon\"><i class=\"pbmit-base-icon-black-arrow-1\"><\/i><\/span><\/span><\/a><\/div><\/div><\/article><article class=\"pbmit-ele pbmit-ele-static-box pbmit-static-box-style-3 col-md-6 col-lg-3\"><div class=\"pbminfotech-post-item\">\r\n\t<div class=\"pbmit-img-wrapper\">\r\n\t\t<img decoding=\"async\" src=\"http:\/\/gencellbiotechnology.com\/wp-content\/uploads\/2026\/01\/yac-1.png\" alt=\"CTM Biodent \u00d3seo\" \/>\t\t<div class=\"pbmit-title-wrapper\">\r\n\t\t\t<div class=\"pbmit-title-inner\">\r\n\t\t\t\t\t\t\t\t<div class=\"pbminfotech-box-title\"><h4>CTM Biodent Osseous<\/h4><\/div>\t\t\t<\/div>\r\n\t\t<\/div>\r\n\t<\/div>\r\n\t\t\t<div class=\"pbmit-btn\"><a href=\"https:\/\/gencellbiotechnology.com\/en\/productos\/ctm-biodent-oseo\/\"><span class=\"pbmit-button-text\">More Information<\/span><span class=\"pbmit-button-icon-wrapper\"><span class=\"pbmit-button-icon\"><i class=\"pbmit-base-icon-black-arrow-1\"><\/i><\/span><\/span><\/a><\/div><\/div><\/article><article class=\"pbmit-ele pbmit-ele-static-box pbmit-static-box-style-3 col-md-6 col-lg-3\"><div class=\"pbminfotech-post-item\">\r\n\t<div class=\"pbmit-img-wrapper\">\r\n\t\t<img decoding=\"async\" src=\"http:\/\/gencellbiotechnology.com\/wp-content\/uploads\/2026\/01\/yac-2.png\" alt=\"CTM Biodent Enc\u00eda\" \/>\t\t<div class=\"pbmit-title-wrapper\">\r\n\t\t\t<div class=\"pbmit-title-inner\">\r\n\t\t\t\t\t\t\t\t<div class=\"pbminfotech-box-title\"><h4>CTM Biodent Gingiva<\/h4><\/div>\t\t\t<\/div>\r\n\t\t<\/div>\r\n\t<\/div>\r\n\t\t\t<div class=\"pbmit-btn\"><a href=\"https:\/\/gencellbiotechnology.com\/en\/productos\/ctm-biodent-encia\/\"><span class=\"pbmit-button-text\">More Information<\/span><span class=\"pbmit-button-icon-wrapper\"><span class=\"pbmit-button-icon\"><i class=\"pbmit-base-icon-black-arrow-1\"><\/i><\/span><\/span><\/a><\/div><\/div><\/article><article class=\"pbmit-ele pbmit-ele-static-box pbmit-static-box-style-3 col-md-6 col-lg-3\"><div class=\"pbminfotech-post-item\">\r\n\t<div class=\"pbmit-img-wrapper\">\r\n\t\t<img decoding=\"async\" src=\"http:\/\/gencellbiotechnology.com\/wp-content\/uploads\/2026\/01\/yac-3.png\" alt=\"CTM Capilar + D\" \/>\t\t<div class=\"pbmit-title-wrapper\">\r\n\t\t\t<div class=\"pbmit-title-inner\">\r\n\t\t\t\t\t\t\t\t<div class=\"pbminfotech-box-title\"><h4>CTM Capilar + D<\/h4><\/div>\t\t\t<\/div>\r\n\t\t<\/div>\r\n\t<\/div>\r\n\t\t\t<div class=\"pbmit-btn\"><a href=\"https:\/\/gencellbiotechnology.com\/en\/productos\/ctm-capilar-d\/\"><span class=\"pbmit-button-text\">More Information<\/span><span class=\"pbmit-button-icon-wrapper\"><span class=\"pbmit-button-icon\"><i class=\"pbmit-base-icon-black-arrow-1\"><\/i><\/span><\/span><\/a><\/div><\/div><\/article><article class=\"pbmit-ele pbmit-ele-static-box pbmit-static-box-style-3 col-md-6 col-lg-3\"><div class=\"pbminfotech-post-item\">\r\n\t<div class=\"pbmit-img-wrapper\">\r\n\t\t<img decoding=\"async\" src=\"http:\/\/gencellbiotechnology.com\/wp-content\/uploads\/2026\/01\/yac-4.png\" alt=\"CTM Exosomas\" \/>\t\t<div class=\"pbmit-title-wrapper\">\r\n\t\t\t<div class=\"pbmit-title-inner\">\r\n\t\t\t\t\t\t\t\t<div class=\"pbminfotech-box-title\"><h4>CTM Exosomes<\/h4><\/div>\t\t\t<\/div>\r\n\t\t<\/div>\r\n\t<\/div>\r\n\t\t\t<div class=\"pbmit-btn\"><a href=\"https:\/\/gencellbiotechnology.com\/en\/productos\/ctm-exosomas-2\/\"><span class=\"pbmit-button-text\">More Information<\/span><span class=\"pbmit-button-icon-wrapper\"><span class=\"pbmit-button-icon\"><i class=\"pbmit-base-icon-black-arrow-1\"><\/i><\/span><\/span><\/a><\/div><\/div><\/article><article class=\"pbmit-ele pbmit-ele-static-box pbmit-static-box-style-3 col-md-6 col-lg-3\"><div class=\"pbminfotech-post-item\">\r\n\t<div class=\"pbmit-img-wrapper\">\r\n\t\t<img decoding=\"async\" src=\"http:\/\/gencellbiotechnology.com\/wp-content\/uploads\/2026\/02\/yac-12.png\" alt=\"Celula NK Aut\u00f3logas\" \/>\t\t<div class=\"pbmit-title-wrapper\">\r\n\t\t\t<div class=\"pbmit-title-inner\">\r\n\t\t\t\t\t\t\t\t<div class=\"pbminfotech-box-title\"><h4>Autologous Natural Killer Cells<\/h4><\/div>\t\t\t<\/div>\r\n\t\t<\/div>\r\n\t<\/div>\r\n\t\t\t<div class=\"pbmit-btn\"><a href=\"https:\/\/gencellbiotechnology.com\/en\/productos\/celula-natural-killer-autologas\/\"><span class=\"pbmit-button-text\">More Information<\/span><span class=\"pbmit-button-icon-wrapper\"><span class=\"pbmit-button-icon\"><i class=\"pbmit-base-icon-black-arrow-1\"><\/i><\/span><\/span><\/a><\/div><\/div><\/article><article class=\"pbmit-ele pbmit-ele-static-box pbmit-static-box-style-3 col-md-6 col-lg-3\"><div class=\"pbminfotech-post-item\">\r\n\t<div class=\"pbmit-img-wrapper\">\r\n\t\t<img decoding=\"async\" src=\"http:\/\/gencellbiotechnology.com\/wp-content\/uploads\/2026\/02\/yac.png\" alt=\"C\u00e9lula NK Heter\u00f3logas\" \/>\t\t<div class=\"pbmit-title-wrapper\">\r\n\t\t\t<div class=\"pbmit-title-inner\">\r\n\t\t\t\t\t\t\t\t<div class=\"pbminfotech-box-title\"><h4>Heterologous Natural Killer Cells<\/h4><\/div>\t\t\t<\/div>\r\n\t\t<\/div>\r\n\t<\/div>\r\n\t\t\t<div class=\"pbmit-btn\"><a href=\"https:\/\/gencellbiotechnology.com\/en\/productos\/celula-natural-killer-heterologas\/\"><span class=\"pbmit-button-text\">More Information<\/span><span class=\"pbmit-button-icon-wrapper\"><span class=\"pbmit-button-icon\"><i class=\"pbmit-base-icon-black-arrow-1\"><\/i><\/span><\/span><\/a><\/div><\/div><\/article><article class=\"pbmit-ele pbmit-ele-static-box pbmit-static-box-style-3 col-md-6 col-lg-3\"><div class=\"pbminfotech-post-item\">\r\n\t<div class=\"pbmit-img-wrapper\">\r\n\t\t<img decoding=\"async\" src=\"http:\/\/gencellbiotechnology.com\/wp-content\/uploads\/2026\/02\/Diseno-sin-titulo-14.png\" alt=\"C\u00e9lula NK Doble Bloqueo Aut\u00f3logas\" \/>\t\t<div class=\"pbmit-title-wrapper\">\r\n\t\t\t<div class=\"pbmit-title-inner\">\r\n\t\t\t\t\t\t\t\t<div class=\"pbminfotech-box-title\"><h4>Autologous Natural Killer Cells Blockade<\/h4><\/div>\t\t\t<\/div>\r\n\t\t<\/div>\r\n\t<\/div>\r\n\t\t\t<div class=\"pbmit-btn\"><a href=\"https:\/\/gencellbiotechnology.com\/en\/productos\/celula-natural-killer-doble-bloqueo\/\"><span class=\"pbmit-button-text\">More Information<\/span><span class=\"pbmit-button-icon-wrapper\"><span class=\"pbmit-button-icon\"><i class=\"pbmit-base-icon-black-arrow-1\"><\/i><\/span><\/span><\/a><\/div><\/div><\/article><article class=\"pbmit-ele pbmit-ele-static-box pbmit-static-box-style-3 col-md-6 col-lg-3\"><div class=\"pbminfotech-post-item\">\r\n\t<div class=\"pbmit-img-wrapper\">\r\n\t\t<img decoding=\"async\" src=\"http:\/\/gencellbiotechnology.com\/wp-content\/uploads\/2025\/12\/Diseno-sin-titulo-15.png\" alt=\"C\u00e9lula NK Doble Bloqueo Heter\u00f3logas\" \/>\t\t<div class=\"pbmit-title-wrapper\">\r\n\t\t\t<div class=\"pbmit-title-inner\">\r\n\t\t\t\t\t\t\t\t<div class=\"pbminfotech-box-title\"><h4>Heterologous Natural Killer Cells Blockade<\/h4><\/div>\t\t\t<\/div>\r\n\t\t<\/div>\r\n\t<\/div>\r\n\t\t\t<div class=\"pbmit-btn\"><a href=\"https:\/\/gencellbiotechnology.com\/en\/productos\/celula-natural-killer-doble-bloqueo-heterologas\/\"><span class=\"pbmit-button-text\">More Information<\/span><span class=\"pbmit-button-icon-wrapper\"><span class=\"pbmit-button-icon\"><i class=\"pbmit-base-icon-black-arrow-1\"><\/i><\/span><\/span><\/a><\/div><\/div><\/article>\r\n\t\t <\/div>\r\n\r\n\t\t\t\t\t\t<\/div><!-- .pbmit-element-inner -->\r\n\t\t\t<\/div><!-- .pbminfotech-element -->\r\n\r\n\t\t\t\t\t\r\n\t\t\t\t\t\t<\/div>\n\t\t\t\t<\/div>\n\t\t\t\t\t<\/div>\n\t\t<\/div>\n\t\t\t\t\t<\/div>\n\t\t<\/section>\n\t\t\t\t<\/div>","protected":false},"excerpt":{"rendered":"<p>Excelencia cient\u00edfica Nuestros Productos Exocell Ver M\u00e1s Muse Cell Ver M\u00e1s Chondromatrix Ver M\u00e1s CTM ACE 2+ Ver M\u00e1s CTM Proca\u00edna Ver M\u00e1s CTM Nativas Ver M\u00e1s CTM Estabilizador Renal Ver M\u00e1s CTM Metab\u00f3licas Ver M\u00e1s CTM Metformina Ver M\u00e1s CTM Metformina IA Ver M\u00e1s CTM Neuromoduladoras Ver M\u00e1s CTM Inmunoboost Ver M\u00e1s CTM Biodent [&hellip;]<\/p>\n","protected":false},"author":1,"featured_media":0,"parent":0,"menu_order":0,"comment_status":"closed","ping_status":"closed","template":"","meta":{"_acf_changed":false,"inline_featured_image":false,"footnotes":""},"class_list":["post-734","page","type-page","status-publish","hentry"],"acf":[],"_links":{"self":[{"href":"https:\/\/gencellbiotechnology.com\/en\/wp-json\/wp\/v2\/pages\/734","targetHints":{"allow":["GET"]}}],"collection":[{"href":"https:\/\/gencellbiotechnology.com\/en\/wp-json\/wp\/v2\/pages"}],"about":[{"href":"https:\/\/gencellbiotechnology.com\/en\/wp-json\/wp\/v2\/types\/page"}],"author":[{"embeddable":true,"href":"https:\/\/gencellbiotechnology.com\/en\/wp-json\/wp\/v2\/users\/1"}],"replies":[{"embeddable":true,"href":"https:\/\/gencellbiotechnology.com\/en\/wp-json\/wp\/v2\/comments?post=734"}],"version-history":[{"count":70,"href":"https:\/\/gencellbiotechnology.com\/en\/wp-json\/wp\/v2\/pages\/734\/revisions"}],"predecessor-version":[{"id":1936,"href":"https:\/\/gencellbiotechnology.com\/en\/wp-json\/wp\/v2\/pages\/734\/revisions\/1936"}],"wp:attachment":[{"href":"https:\/\/gencellbiotechnology.com\/en\/wp-json\/wp\/v2\/media?parent=734"}],"curies":[{"name":"wp","href":"https:\/\/api.w.org\/{rel}","templated":true}]}}