{"id":1955,"date":"2026-03-11T23:47:22","date_gmt":"2026-03-12T05:47:22","guid":{"rendered":"https:\/\/gencellbiotechnology.com\/?page_id=1955"},"modified":"2026-03-11T23:48:05","modified_gmt":"2026-03-12T05:48:05","slug":"terminos-y-condiciones","status":"publish","type":"page","link":"https:\/\/gencellbiotechnology.com\/en\/terminos-y-condiciones\/","title":{"rendered":"Terms and Conditions"},"content":{"rendered":"<div data-elementor-type=\"wp-page\" data-elementor-id=\"1955\" class=\"elementor elementor-1955\" data-elementor-post-type=\"page\">\n\t\t\t\t\t\t<section class=\"elementor-section elementor-top-section elementor-element elementor-element-3614a4f pbmit-col-stretched-none pbmit-bg-color-over-image elementor-section-boxed elementor-section-height-default elementor-section-height-default\" data-id=\"3614a4f\" data-element_type=\"section\" data-e-type=\"section\" data-settings=\"{&quot;ekit_has_onepagescroll_dot&quot;:&quot;yes&quot;}\">\n\t\t\t\t\t\t<div class=\"elementor-container elementor-column-gap-default\">\n\t\t\t\t\t<div class=\"elementor-column elementor-col-100 elementor-top-column elementor-element elementor-element-81dadd4 pbmit-bg-color-over-image\" data-id=\"81dadd4\" data-element_type=\"column\" data-e-type=\"column\">\n\t\t\t<div class=\"elementor-widget-wrap elementor-element-populated\">\n\t\t\t\t\t\t<div class=\"elementor-element elementor-element-2c14c67 elementor-widget elementor-widget-text-editor\" data-id=\"2c14c67\" data-element_type=\"widget\" data-e-type=\"widget\" data-settings=\"{&quot;ekit_we_effect_on&quot;:&quot;none&quot;}\" data-widget_type=\"text-editor.default\">\n\t\t\t\t<div class=\"elementor-widget-container\">\n\t\t\t\t\t\t\t\t\t<p>Last updated: March 11, 2026<\/p><p>This document governs the access to and use of the website https:\/\/gencellbiotechnology.com\/\n, owned by GENCELL WORLD WIDE. By accessing this site, the User agrees to these Terms and to our Privacy Policy.<\/p><h5>1. OWNER INFORMATION<\/h5><p>Owner: GENCELL WORLD WIDE<\/p><p>Tax ID (RFC): GWW190729TV5<\/p><p>Address: Carretera (Carr.) a Nogal 4935, Int. Lote 22, Guadalajara (Technology Park), C.P. 45222, Zapopan, Jalisco, Mexico.<\/p><h5>2. PURPOSE AND SERVICES<\/h5><p>The Website is a technical information platform related to biotechnology, specialized medicine, organ banking services, and regenerative medicine solutions.<\/p><h5>3. MEDICAL DISCLAIMER<\/h5><p>The information provided is for educational purposes only. It does not constitute medical advice or diagnosis. Any treatment or use of the biotechnological products mentioned requires the supervision of a qualified medical specialist affiliated with GENCELL WORLD WIDE.<\/p><h5>4. USER CONDUCT<\/h5><p>The User agrees not to use the Website for unlawful purposes, not to reproduce or distribute content without authorization, and not to interfere with the company\u2019s technological infrastructure.<\/p><h5>5. INTELLECTUAL PROPERTY<\/h5><p>All texts, images, logos, and trade names (including GENCELL WORLD WIDE and associated trademarks) are the intellectual property of the company or its licensors and are protected by law.<\/p><h5>6. LIMITATION OF LIABILITY<\/h5><p>GENCELL WORLD WIDE does not guarantee uninterrupted availability of the Website and shall not be responsible for decisions made by the User based solely on the information provided herein.<\/p><h5>7. DATA PROTECTION<\/h5><p>The processing of personal data is governed by our Privacy Notice, in compliance with the Federal Law on the Protection of Personal Data Held by Private Parties.<\/p><h5>8. GOVERNING LAW AND JURISDICTION<\/h5><p>For any dispute, the parties submit to the applicable laws of Mexico and to the jurisdiction of the competent courts of Zapopan, Jalisco.<\/p><p>GENCELL WORLD WIDE<\/p>\t\t\t\t\t\t\t\t<\/div>\n\t\t\t\t<\/div>\n\t\t\t\t\t<\/div>\n\t\t<\/div>\n\t\t\t\t\t<\/div>\n\t\t<\/section>\n\t\t\t\t<\/div>","protected":false},"excerpt":{"rendered":"<p>\u00daltima actualizaci\u00f3n: 11 de Marzo de 2026 El presente documento regula el acceso y uso del sitio web https:\/\/gencellbiotechnology.com\/, propiedad de GENCELL WORLD WIDE. Al acceder a este sitio, el Usuario acepta los presentes T\u00e9rminos y nuestra Pol\u00edtica de Privacidad. 1. INFORMACI\u00d3N DEL TITULAR Titular: GENCELL WORLD WIDE RFC: GWW190729TV5 Domicilio: CARRETERA (CARR.) A NOGAL [&hellip;]<\/p>\n","protected":false},"author":1,"featured_media":0,"parent":0,"menu_order":0,"comment_status":"closed","ping_status":"closed","template":"","meta":{"_acf_changed":false,"inline_featured_image":false,"footnotes":""},"class_list":["post-1955","page","type-page","status-publish","hentry"],"acf":[],"_links":{"self":[{"href":"https:\/\/gencellbiotechnology.com\/en\/wp-json\/wp\/v2\/pages\/1955","targetHints":{"allow":["GET"]}}],"collection":[{"href":"https:\/\/gencellbiotechnology.com\/en\/wp-json\/wp\/v2\/pages"}],"about":[{"href":"https:\/\/gencellbiotechnology.com\/en\/wp-json\/wp\/v2\/types\/page"}],"author":[{"embeddable":true,"href":"https:\/\/gencellbiotechnology.com\/en\/wp-json\/wp\/v2\/users\/1"}],"replies":[{"embeddable":true,"href":"https:\/\/gencellbiotechnology.com\/en\/wp-json\/wp\/v2\/comments?post=1955"}],"version-history":[{"count":4,"href":"https:\/\/gencellbiotechnology.com\/en\/wp-json\/wp\/v2\/pages\/1955\/revisions"}],"predecessor-version":[{"id":1959,"href":"https:\/\/gencellbiotechnology.com\/en\/wp-json\/wp\/v2\/pages\/1955\/revisions\/1959"}],"wp:attachment":[{"href":"https:\/\/gencellbiotechnology.com\/en\/wp-json\/wp\/v2\/media?parent=1955"}],"curies":[{"name":"wp","href":"https:\/\/api.w.org\/{rel}","templated":true}]}}