{"id":1225,"date":"2026-01-31T00:20:38","date_gmt":"2026-01-31T06:20:38","guid":{"rendered":"https:\/\/gencellbiotechnology.com\/?page_id=1225"},"modified":"2026-03-02T22:06:27","modified_gmt":"2026-03-03T04:06:27","slug":"innovacion","status":"publish","type":"page","link":"https:\/\/gencellbiotechnology.com\/en\/innovacion\/","title":{"rendered":"Innovation"},"content":{"rendered":"<div data-elementor-type=\"wp-page\" data-elementor-id=\"1225\" class=\"elementor elementor-1225\" data-elementor-post-type=\"page\">\n\t\t\t\t\t\t<section class=\"elementor-section elementor-top-section elementor-element elementor-element-e371c70 elementor-section-content-middle pbmit-col-stretched-none pbmit-bg-color-over-image elementor-section-boxed elementor-section-height-default elementor-section-height-default\" data-id=\"e371c70\" data-element_type=\"section\" data-e-type=\"section\" data-settings=\"{&quot;ekit_has_onepagescroll_dot&quot;:&quot;yes&quot;}\">\n\t\t\t\t\t\t<div class=\"elementor-container elementor-column-gap-no\">\n\t\t\t\t\t<div class=\"elementor-column elementor-col-50 elementor-top-column elementor-element elementor-element-ab076a4 pbmit-bg-color-over-image\" data-id=\"ab076a4\" data-element_type=\"column\" data-e-type=\"column\">\n\t\t\t<div class=\"elementor-widget-wrap elementor-element-populated\">\n\t\t\t\t\t\t<div class=\"elementor-element elementor-element-f6d5a75 pbmit-animation-style4 elementor-widget__width-initial elementor-widget elementor-widget-image\" data-id=\"f6d5a75\" data-element_type=\"widget\" data-e-type=\"widget\" data-settings=\"{&quot;ekit_we_effect_on&quot;:&quot;none&quot;}\" data-widget_type=\"image.default\">\n\t\t\t\t<div class=\"elementor-widget-container\">\n\t\t\t\t\t\t\t\t\t\t\t\t\t\t\t<img fetchpriority=\"high\" decoding=\"async\" width=\"763\" height=\"637\" src=\"http:\/\/gencellbiotechnology.com\/wp-content\/uploads\/2026\/02\/POSITIVO-COLOR_PANTALLA-e1770608133267.png\" class=\"attachment-full size-full wp-image-1500\" alt=\"\" srcset=\"http:\/\/gencellbiotechnology.com\/wp-content\/uploads\/2026\/02\/POSITIVO-COLOR_PANTALLA-e1770608133267.png 763w, http:\/\/gencellbiotechnology.com\/wp-content\/uploads\/2026\/02\/POSITIVO-COLOR_PANTALLA-e1770608133267-300x250.png 300w, http:\/\/gencellbiotechnology.com\/wp-content\/uploads\/2026\/02\/POSITIVO-COLOR_PANTALLA-e1770608133267-600x501.png 600w\" sizes=\"(max-width: 763px) 100vw, 763px\" \/>\t\t\t\t\t\t\t\t\t\t\t\t\t\t\t<\/div>\n\t\t\t\t<\/div>\n\t\t\t\t\t<\/div>\n\t\t<\/div>\n\t\t\t\t<div class=\"elementor-column elementor-col-50 elementor-top-column elementor-element elementor-element-f2fefc8 pbmit-bg-color-over-image\" data-id=\"f2fefc8\" data-element_type=\"column\" data-e-type=\"column\">\n\t\t\t<div class=\"elementor-widget-wrap elementor-element-populated\">\n\t\t\t\t\t\t<div class=\"elementor-element elementor-element-1f86bfc elementor-widget elementor-widget-pbmit_multiple_icon_heading\" data-id=\"1f86bfc\" data-element_type=\"widget\" data-e-type=\"widget\" data-settings=\"{&quot;ekit_we_effect_on&quot;:&quot;none&quot;}\" data-widget_type=\"pbmit_multiple_icon_heading.default\">\n\t\t\t\t<div class=\"elementor-widget-container\">\n\t\t\t\t\t\r\n\t\t\t<div class=\"pbminfotech-element\t\t\t\tpbminfotech-element-miconheading\t\t\t\tpbmit-element-miconheading-style-20\t\t\t\tpbmit-element-viewtype-row-column\t\t\t\tpbmit-element-column-one\t\t\t\tpbmit-element-sticky-carousel-false\t\t\t\tpbmit-element-caroursel-dot-false\t\t\t\tpbmit-infinite-scroll-no\t\t\t\tpbmit-infinite-scroll-button-no\"\r\n\r\n\t\t\t\tdata-cpt=\"miconheading\"\r\n\t\t\t\tdata-totalpagination=\"1\"\r\n\t\t\t\tdata-style=\"20\"\r\n\t\t\t\tdata-show=\"3\"\r\n\t\t\t\tdata-columns=\"1\"\r\n\t\t\t\tdata-loop=\"false\"\r\n\t\t\t\tdata-autoplay=\"false\"\r\n\t\t\t\tdata-center=\"false\"\r\n\t\t\t\tdata-nav=\"false\"\r\n\t\t\t\tdata-dots=\"false\"\r\n\t\t\t\tdata-reverse=\"false\"\r\n\t\t\t\tdata-speed=\"1000\"\r\n\t\t\t\tdata-marquee-speed=\"12000\"\r\n\t\t\t\tdata-delay=\"4000\"\r\n\t\t\t\tdata-margin=\"\"\r\n\t\t\t\tdata-show-portion=\"false\">\r\n\r\n\t\t\t\t<div class=\"pbmit-element-inner\">\r\n\t\t\t\r\n\r\n\t\t\t\r\n\t\t<div class=\"pbmit-ele-header-area\">\r\n\t\t\t <div class=\"pbmit-heading-subheading pbmit-heading-subheading-style-1 pbmit-reverse-heading-yes animation-style4\"><h2 class=\"pbmit-element-title\">\r\n\t\t\t\t\r\n\t\t\t\t\tGenCell in Rosalind Franklin University (RFU)\r\n\t\t\t\t\r\n\t\t\t\t<\/h2>\r\n\t\t\t<div class=\"pbmit-heading-desc\">Actualmente, Gencell es parte del listado oficial de empresas incubadas en Helix 51, consolidando su presencia en el sector biotecnol\u00f3gico global.<br> Within the RFU campus is the Innovation and Research Park, an environment that connects science, academia, and industry through:\n<\/div><\/div>\t\t<\/div>\r\n\r\n\r\n\t\t<div class=\"pbmit-element-posts-wrapper row multi-columns-row\">\r\n\r\n\t\t\t<article class=\"pbmit-ele pbmit-ele-miconheading pbmit-miconheading-style-20 col-md-12\">\r\n\t\t\t\t\t\t<div class=\"pbmit-ihbox pbmit-ihbox-style-20\">\r\n\t\t\t\t\t\t\t<div class=\"pbmit-ihbox-headingicon\">\r\n\t\t<div class=\"pbmit-ihbox-contents\">\r\n\t\t\t\t\t\t\t\t\t\t\t<\/div><!-- .pbmit-ihbox-contents -->\r\n<\/div> \t\r\n\t\t\t\t\t\t<\/div>\r\n\r\n\t\t\t\t\t<\/article>\r\n\t\t<\/div>\r\n\r\n\t\t\t\t\t\t<\/div><!-- .pbmit-element-inner -->\r\n\t\t\t<\/div><!-- .pbminfotech-element -->\r\n\r\n\t\t\t\t\t\t\t<\/div>\n\t\t\t\t<\/div>\n\t\t\t\t\t<\/div>\n\t\t<\/div>\n\t\t\t\t\t<\/div>\n\t\t<\/section>\n\t\t\t\t<section class=\"elementor-section elementor-top-section elementor-element elementor-element-d73e979 elementor-section-content-middle pbmit-col-stretched-none pbmit-bg-color-over-image elementor-section-boxed elementor-section-height-default elementor-section-height-default\" data-id=\"d73e979\" data-element_type=\"section\" data-e-type=\"section\" data-settings=\"{&quot;ekit_has_onepagescroll_dot&quot;:&quot;yes&quot;}\">\n\t\t\t\t\t\t<div class=\"elementor-container elementor-column-gap-no\">\n\t\t\t\t\t<div class=\"elementor-column elementor-col-50 elementor-top-column elementor-element elementor-element-5b2d9f0 pbmit-bg-color-over-image\" data-id=\"5b2d9f0\" data-element_type=\"column\" data-e-type=\"column\">\n\t\t\t<div class=\"elementor-widget-wrap elementor-element-populated\">\n\t\t\t\t\t\t<div class=\"elementor-element elementor-element-0dd0371 elementor-widget elementor-widget-pbmit_multiple_icon_heading\" data-id=\"0dd0371\" data-element_type=\"widget\" data-e-type=\"widget\" data-settings=\"{&quot;ekit_we_effect_on&quot;:&quot;none&quot;}\" data-widget_type=\"pbmit_multiple_icon_heading.default\">\n\t\t\t\t<div class=\"elementor-widget-container\">\n\t\t\t\t\t\r\n\t\t\t<div class=\"pbminfotech-element\t\t\t\tpbminfotech-element-miconheading\t\t\t\tpbmit-element-miconheading-style-20\t\t\t\tpbmit-element-viewtype-row-column\t\t\t\tpbmit-element-column-one\t\t\t\tpbmit-element-sticky-carousel-false\t\t\t\tpbmit-element-caroursel-dot-false\t\t\t\tpbmit-infinite-scroll-no\t\t\t\tpbmit-infinite-scroll-button-no\"\r\n\r\n\t\t\t\tdata-cpt=\"miconheading\"\r\n\t\t\t\tdata-totalpagination=\"1\"\r\n\t\t\t\tdata-style=\"20\"\r\n\t\t\t\tdata-show=\"3\"\r\n\t\t\t\tdata-columns=\"1\"\r\n\t\t\t\tdata-loop=\"false\"\r\n\t\t\t\tdata-autoplay=\"false\"\r\n\t\t\t\tdata-center=\"false\"\r\n\t\t\t\tdata-nav=\"false\"\r\n\t\t\t\tdata-dots=\"false\"\r\n\t\t\t\tdata-reverse=\"false\"\r\n\t\t\t\tdata-speed=\"1000\"\r\n\t\t\t\tdata-marquee-speed=\"12000\"\r\n\t\t\t\tdata-delay=\"4000\"\r\n\t\t\t\tdata-margin=\"\"\r\n\t\t\t\tdata-show-portion=\"false\">\r\n\r\n\t\t\t\t<div class=\"pbmit-element-inner\">\r\n\t\t\t\r\n\r\n\t\t\t\r\n\t\t<div class=\"pbmit-ele-header-area\">\r\n\t\t\t <div class=\"pbmit-heading-subheading pbmit-heading-subheading-style-1 pbmit-reverse-heading-yes animation-style4\"><h2 class=\"pbmit-element-title\">\r\n\t\t\t\t\r\n\t\t\t\t\tHelix 51 Incubator Innovation &amp; Research Park\r\n\t\t\t\t\r\n\t\t\t\t<\/h2>\r\n\t\t\t<div class=\"pbmit-heading-desc\">Helix 51 Incubator es una incubadora bioscient\u00edfica enfocada en startups y compa\u00f1\u00edas biotecnol\u00f3gicas \u2014incluyendo empresas internacionales en etapa de expansi\u00f3n.<\/div><\/div>\t\t<\/div>\r\n\r\n\r\n\t\t<div class=\"pbmit-element-posts-wrapper row multi-columns-row\">\r\n\r\n\t\t\t<article class=\"pbmit-ele pbmit-ele-miconheading pbmit-miconheading-style-20 col-md-12\">\r\n\t\t\t\t\t\t<div class=\"pbmit-ihbox pbmit-ihbox-style-20\">\r\n\t\t\t\t\t\t\t<div class=\"pbmit-ihbox-headingicon\">\r\n\t<div class=\"pbmit-ihbox-icon\"><div class=\"pbmit-ihbox-icon-wrapper pbmit-ihbox-icon-type-text\">01.<\/div><\/div>\t<div class=\"pbmit-ihbox-contents\">\r\n\t\t\t\t\t\t<h2 class=\"pbmit-element-title\">\r\n\t\t\t\t\t\t\t\t\r\n\t\t\t\t\t\t\t\t\tState-of-the-art laboratories.\n\r\n\t\t\t\t\t\t\t\t\r\n\t\t\t\t\t\t\t\t<\/h2>\r\n\t\t\t\t\t\t\t\t\t\t\t\t<\/div><!-- .pbmit-ihbox-contents -->\r\n<\/div> \t\r\n\t\t\t\t\t\t<\/div>\r\n\r\n\t\t\t\t\t<\/article><article class=\"pbmit-ele pbmit-ele-miconheading pbmit-miconheading-style-20 col-md-12\">\r\n\t\t\t\t\t\t<div class=\"pbmit-ihbox pbmit-ihbox-style-20\">\r\n\t\t\t\t\t\t\t<div class=\"pbmit-ihbox-headingicon\">\r\n\t<div class=\"pbmit-ihbox-icon\"><div class=\"pbmit-ihbox-icon-wrapper pbmit-ihbox-icon-type-text\">02.<\/div><\/div>\t<div class=\"pbmit-ihbox-contents\">\r\n\t\t\t\t\t\t<h2 class=\"pbmit-element-title\">\r\n\t\t\t\t\t\t\t\t\r\n\t\t\t\t\t\t\t\t\tCollaborative spaces for biomedical development.\n\r\n\t\t\t\t\t\t\t\t\r\n\t\t\t\t\t\t\t\t<\/h2>\r\n\t\t\t\t\t\t\t\t\t\t\t\t<\/div><!-- .pbmit-ihbox-contents -->\r\n<\/div> \t\r\n\t\t\t\t\t\t<\/div>\r\n\r\n\t\t\t\t\t<\/article><article class=\"pbmit-ele pbmit-ele-miconheading pbmit-miconheading-style-20 col-md-12\">\r\n\t\t\t\t\t\t<div class=\"pbmit-ihbox pbmit-ihbox-style-20\">\r\n\t\t\t\t\t\t\t<div class=\"pbmit-ihbox-headingicon\">\r\n\t<div class=\"pbmit-ihbox-icon\"><div class=\"pbmit-ihbox-icon-wrapper pbmit-ihbox-icon-type-text\">03.<\/div><\/div>\t<div class=\"pbmit-ihbox-contents\">\r\n\t\t\t\t\t\t<h2 class=\"pbmit-element-title\">\r\n\t\t\t\t\t\t\t\t\r\n\t\t\t\t\t\t\t\t\tCollaboration with researchers and healthcare centers.\r\n\t\t\t\t\t\t\t\t\r\n\t\t\t\t\t\t\t\t<\/h2>\r\n\t\t\t\t\t\t\t\t\t\t\t\t<\/div><!-- .pbmit-ihbox-contents -->\r\n<\/div> \t\r\n\t\t\t\t\t\t<\/div>\r\n\r\n\t\t\t\t\t<\/article><article class=\"pbmit-ele pbmit-ele-miconheading pbmit-miconheading-style-20 col-md-12\">\r\n\t\t\t\t\t\t<div class=\"pbmit-ihbox pbmit-ihbox-style-20\">\r\n\t\t\t\t\t\t\t<div class=\"pbmit-ihbox-headingicon\">\r\n\t<div class=\"pbmit-ihbox-icon\"><div class=\"pbmit-ihbox-icon-wrapper pbmit-ihbox-icon-type-text\">04.<\/div><\/div>\t<div class=\"pbmit-ihbox-contents\">\r\n\t\t\t\t\t\t<h2 class=\"pbmit-element-title\">\r\n\t\t\t\t\t\t\t\t\r\n\t\t\t\t\t\t\t\t\tStrategic support for companies with a global scientific vision.\r\n\t\t\t\t\t\t\t\t\r\n\t\t\t\t\t\t\t\t<\/h2>\r\n\t\t\t\t\t\t\t\t\t\t\t\t<\/div><!-- .pbmit-ihbox-contents -->\r\n<\/div> \t\r\n\t\t\t\t\t\t<\/div>\r\n\r\n\t\t\t\t\t<\/article>\r\n\t\t<\/div>\r\n\r\n\t\t\t\t\t\t<\/div><!-- .pbmit-element-inner -->\r\n\t\t\t<\/div><!-- .pbminfotech-element -->\r\n\r\n\t\t\t\t\t\t\t<\/div>\n\t\t\t\t<\/div>\n\t\t\t\t\t<\/div>\n\t\t<\/div>\n\t\t\t\t<div class=\"elementor-column elementor-col-50 elementor-top-column elementor-element elementor-element-3f4370e pbmit-bg-color-over-image\" data-id=\"3f4370e\" data-element_type=\"column\" data-e-type=\"column\">\n\t\t\t<div class=\"elementor-widget-wrap elementor-element-populated\">\n\t\t\t\t\t\t<div class=\"elementor-element elementor-element-acd6df1 elementor-widget-laptop__width-inherit pbmit-animation-none elementor-widget elementor-widget-image\" data-id=\"acd6df1\" data-element_type=\"widget\" data-e-type=\"widget\" data-settings=\"{&quot;ekit_we_effect_on&quot;:&quot;none&quot;}\" data-widget_type=\"image.default\">\n\t\t\t\t<div class=\"elementor-widget-container\">\n\t\t\t\t\t\t\t\t\t\t\t\t\t\t\t<img decoding=\"async\" width=\"847\" height=\"847\" src=\"http:\/\/gencellbiotechnology.com\/wp-content\/uploads\/2026\/02\/Diseno-sin-titulo-12.png\" class=\"attachment-large size-large wp-image-1505\" alt=\"\" srcset=\"http:\/\/gencellbiotechnology.com\/wp-content\/uploads\/2026\/02\/Diseno-sin-titulo-12.png 900w, http:\/\/gencellbiotechnology.com\/wp-content\/uploads\/2026\/02\/Diseno-sin-titulo-12-300x300.png 300w, http:\/\/gencellbiotechnology.com\/wp-content\/uploads\/2026\/02\/Diseno-sin-titulo-12-150x150.png 150w, http:\/\/gencellbiotechnology.com\/wp-content\/uploads\/2026\/02\/Diseno-sin-titulo-12-768x768.png 768w, http:\/\/gencellbiotechnology.com\/wp-content\/uploads\/2026\/02\/Diseno-sin-titulo-12-400x400.png 400w, http:\/\/gencellbiotechnology.com\/wp-content\/uploads\/2026\/02\/Diseno-sin-titulo-12-630x630.png 630w, http:\/\/gencellbiotechnology.com\/wp-content\/uploads\/2026\/02\/Diseno-sin-titulo-12-770x770.png 770w, http:\/\/gencellbiotechnology.com\/wp-content\/uploads\/2026\/02\/elementor\/thumbs\/Diseno-sin-titulo-12-rivsevtu2g58r53m9k0ewos63kfu0net86glfbrfcg.png 600w, http:\/\/gencellbiotechnology.com\/wp-content\/uploads\/2026\/02\/Diseno-sin-titulo-12-100x100.png 100w\" sizes=\"(max-width: 847px) 100vw, 847px\" \/>\t\t\t\t\t\t\t\t\t\t\t\t\t\t\t<\/div>\n\t\t\t\t<\/div>\n\t\t\t\t\t<\/div>\n\t\t<\/div>\n\t\t\t\t\t<\/div>\n\t\t<\/section>\n\t\t\t\t<\/div>","protected":false},"excerpt":{"rendered":"<p>GenCell en Rosalind Franklin University (RFU) Actualmente, Gencell es parte del listado oficial de empresas incubadas en Helix 51, consolidando su presencia en el sector biotecnol\u00f3gico global. Dentro del campus de RFU se encuentra el Innovation and Research Park, un entorno que conecta ciencia, academia e industria a trav\u00e9s de: Helix 51 Incubator Innovation &amp; [&hellip;]<\/p>\n","protected":false},"author":1,"featured_media":0,"parent":0,"menu_order":0,"comment_status":"closed","ping_status":"closed","template":"","meta":{"_acf_changed":false,"inline_featured_image":false,"footnotes":""},"class_list":["post-1225","page","type-page","status-publish","hentry"],"acf":[],"_links":{"self":[{"href":"https:\/\/gencellbiotechnology.com\/en\/wp-json\/wp\/v2\/pages\/1225","targetHints":{"allow":["GET"]}}],"collection":[{"href":"https:\/\/gencellbiotechnology.com\/en\/wp-json\/wp\/v2\/pages"}],"about":[{"href":"https:\/\/gencellbiotechnology.com\/en\/wp-json\/wp\/v2\/types\/page"}],"author":[{"embeddable":true,"href":"https:\/\/gencellbiotechnology.com\/en\/wp-json\/wp\/v2\/users\/1"}],"replies":[{"embeddable":true,"href":"https:\/\/gencellbiotechnology.com\/en\/wp-json\/wp\/v2\/comments?post=1225"}],"version-history":[{"count":23,"href":"https:\/\/gencellbiotechnology.com\/en\/wp-json\/wp\/v2\/pages\/1225\/revisions"}],"predecessor-version":[{"id":1749,"href":"https:\/\/gencellbiotechnology.com\/en\/wp-json\/wp\/v2\/pages\/1225\/revisions\/1749"}],"wp:attachment":[{"href":"https:\/\/gencellbiotechnology.com\/en\/wp-json\/wp\/v2\/media?parent=1225"}],"curies":[{"name":"wp","href":"https:\/\/api.w.org\/{rel}","templated":true}]}}